{"id":2839,"date":"2025-04-24T09:31:43","date_gmt":"2025-04-24T09:31:43","guid":{"rendered":"https:\/\/wp1.itunet.de\/?page_id=2839"},"modified":"2025-05-13T14:13:37","modified_gmt":"2025-05-13T13:13:37","slug":"impressum","status":"publish","type":"page","link":"https:\/\/wp1.itunet.de\/start\/impressum","title":{"rendered":"Impressum"},"content":{"rendered":"<div align=\"left\">\n<div align=\"left\">\n<p><strong>Impressum<\/strong>:<\/p>\n<p align=\"left\">Verantwortlich im Sinne des Presserechts und des \u00a7 6 des TDG\/MDStV<br \/>\nITuNET Netzwerkservice<br \/>\nMarkus Erlacher<br \/>\nLeininger Pfad 8, 67271 Mertesheim<br \/>\nE-Mail: webmaster@itunet.de<\/p>\n<p><strong>Urheberrechtshinweise<\/strong><br \/>\nAlle Beitr\u00e4ge und Bilder unterliegen dem Copyright, unerlaubte Kopie und Vervielf\u00e4ltigung ist verboten<\/p>\n<p><strong>Links<\/strong><br \/>\nMit Urteil vom 12. Mai 1998 &#8211; 312 O 85\/98 &#8222;Haftung f\u00fcr Links&#8220; hat das<br \/>\nLandgericht (LG) Hamburg entschieden, dass man durch die Anbringung eines Links die Inhalte der gelinkten Seite ggf. mit zu verantworten hat. Dies kann &#8211; so das LG &#8211; nur dadurch verhindert werden, dass man sich ausdr\u00fccklich von diesen Inhalten distanziert.<\/p>\n<p><strong>Erkl\u00e4rung<\/strong><br \/>\nHiermit distanzieren wir uns ausdr\u00fccklich von allen Inhalten (sofern sie ehrverletzende, kriminelle, pornografische, rechts- u. linksradikale sowie Schutz- und Rechtsverletzende Inhalte enthalten) die in Seiten zu finden sind, die auf unserer Homepage gelinkt werden und machen uns diese Inhalte nicht zu eigen. Diese Erkl\u00e4rung gilt f\u00fcr alle auf unserer Homepage angebrachten Links.<\/p>\n<p><strong>Datenschutzerkl\u00e4rung<\/strong>:<br \/>\nDen Schutz Ihrer pers\u00f6nlichen Daten nehmen wir sehr ernst, auch anl\u00e4sslich Ihres Besuches auf unserer Homepage. Ihre Daten werden entsprechend der gesetzlichen Datenschutzvorschriften gesch\u00fctzt. Nachfolgend finden Sie Informationen, welche Daten w\u00e4hrend Ihres Besuches auf der Homepage erfasst und wie diese genutzt werden:<\/p>\n<p><strong> Gespeicherte Daten \/ Server-Logdateien<\/strong><br \/>\nUnvermeidlich ist, dass in den Serverstatistiken automatisch solche Daten gespeichert werden, die Ihr Browser uns \u00fcbermittelt. Dies sind Browsertyp und Browserversion, das verwendete Betriebssystem, die Referrer URL (die zuvor besuchte Seite), der Hostname des zugreifenden Rechners (IP Adresse) sowie die Uhrzeit der Serveranfrage. Diese Speicherung dient lediglich internen systembezogenen und statistischen Zwecken. Weitergehende personenbezogene Daten werden nur erfasst, wenn Sie diese Angaben freiwillig, etwa im Rahmen einer Anfrage und der Registrierung, machen. Die oben genannten Daten sind f\u00fcr uns in der Regel nicht bestimmten Personen zuordenbar, eine Zusammenf\u00fchrung mit diesen Daten mit anderen Datenquellen werden nicht vorgenommen.<\/p>\n<p><strong> Nutzung und Weitergabe personenbezogener Daten:<\/strong><br \/>\nSoweit Sie uns personenbezogene Daten zur Verf\u00fcgung gestellt haben, verwenden wir diese nur zur Beantwortung Ihrer Anfragen, zur Abwicklung mit uns geschlossener Vertr\u00e4ge und f\u00fcr die technische Administration. Ihre personenbezogenen Daten werden an Dritte nur weitergegeben oder sonst \u00fcbermittelt, wenn dies zum Zwecke der Vertragsabwicklung erforderlich ist, wenn dies zu Abrechnungszwecken erforderlich ist, oder Sie zuvor eingewilligt haben. Sie haben das Recht, eine erteilte Einwilligung mit Wirkung f\u00fcr die Zukunft jederzeit zu widerrufen. Die L\u00f6schung der gespeicherten personenbezogener Daten erfolgt, wenn Sie Ihre Einwilligung zur Speicherung widerrufen, wenn ihre Kenntnis zur Erf\u00fcllung des mit der Speicherung verfolgten Zwecks nicht mehr erforderlich ist oder wenn ihre Speicherung aus sonstigen gesetzlichen Gr\u00fcnden unzul\u00e4ssig ist.<\/p>\n<p><strong>Widerspruch gegen Werbenachrichten<\/strong><br \/>\nDer Nutzung von im Rahmen der Impressumspflicht ver\u00f6ffentlichten Kontaktdaten durch Dritte zur \u00fcbersendung von nicht ausdr\u00fccklich angeforderter Werbung und Informationsmaterialien wird hiermit ausdr\u00fccklich widersprochen. Die Betreiber der Seiten behalten sich ausdr\u00fccklich rechtliche Schritte im Falle der unverlangten Zusendung von Werbeinformationen, etwa durch Spam-Mails, vor.<\/p>\n<p><strong> Auskunftsrecht:<\/strong><br \/>\nGerne geben wir Ihnen Auskunft \u00fcber die bei uns gespeicherten pers\u00f6nlichen Daten, wenn Sie Fragen zur Behandlung Ihrer Daten haben, gen\u00fcgt eine Email<\/p>\n<\/div>\n<\/div>\n","protected":false},"excerpt":{"rendered":"<p>Impressum: Verantwortlich im Sinne des Presserechts und des \u00a7 6 des TDG\/MDStV ITuNET Netzwerkservice Markus Erlacher Leininger Pfad 8, 67271 Mertesheim E-Mail: webmaster@itunet.de Urheberrechtshinweise Alle Beitr\u00e4ge und Bilder unterliegen dem Copyright, unerlaubte Kopie und Vervielf\u00e4ltigung ist verboten Links Mit Urteil vom 12. Mai 1998 &#8211; 312 O 85\/98 &#8222;Haftung f\u00fcr Links&#8220; hat das Landgericht (LG) [&hellip;]<\/p>\n","protected":false},"author":1,"featured_media":0,"parent":0,"menu_order":0,"comment_status":"closed","ping_status":"closed","template":"","meta":{"_et_pb_use_builder":"","_et_pb_old_content":"","_et_gb_content_width":"","footnotes":""},"class_list":["post-2839","page","type-page","status-publish","hentry"],"_links":{"self":[{"href":"https:\/\/wp1.itunet.de\/start\/wp-json\/wp\/v2\/pages\/2839","targetHints":{"allow":["GET"]}}],"collection":[{"href":"https:\/\/wp1.itunet.de\/start\/wp-json\/wp\/v2\/pages"}],"about":[{"href":"https:\/\/wp1.itunet.de\/start\/wp-json\/wp\/v2\/types\/page"}],"author":[{"embeddable":true,"href":"https:\/\/wp1.itunet.de\/start\/wp-json\/wp\/v2\/users\/1"}],"replies":[{"embeddable":true,"href":"https:\/\/wp1.itunet.de\/start\/wp-json\/wp\/v2\/comments?post=2839"}],"version-history":[{"count":2,"href":"https:\/\/wp1.itunet.de\/start\/wp-json\/wp\/v2\/pages\/2839\/revisions"}],"predecessor-version":[{"id":2841,"href":"https:\/\/wp1.itunet.de\/start\/wp-json\/wp\/v2\/pages\/2839\/revisions\/2841"}],"wp:attachment":[{"href":"https:\/\/wp1.itunet.de\/start\/wp-json\/wp\/v2\/media?parent=2839"}],"curies":[{"name":"wp","href":"https:\/\/api.w.org\/{rel}","templated":true}]}}