{"id":2899,"date":"2025-05-13T14:12:41","date_gmt":"2025-05-13T13:12:41","guid":{"rendered":"https:\/\/wp1.itunet.de\/start\/?page_id=2899"},"modified":"2025-05-13T14:12:41","modified_gmt":"2025-05-13T13:12:41","slug":"datenschutzerklaerung","status":"publish","type":"page","link":"https:\/\/wp1.itunet.de\/start\/datenschutzerklaerung","title":{"rendered":"Datenschutzerkl\u00e4rung"},"content":{"rendered":"\r\n<p><strong>Datenschutzerkl\u00e4rung<\/strong>:<br \/>Den Schutz Ihrer pers\u00f6nlichen Daten nehmen wir sehr ernst, auch anl\u00e4sslich Ihres Besuches auf unserer Homepage. Ihre Daten werden entsprechend der gesetzlichen Datenschutzvorschriften gesch\u00fctzt. Nachfolgend finden Sie Informationen, welche Daten w\u00e4hrend Ihres Besuches auf der Homepage erfasst und wie diese genutzt werden:<\/p>\r\n<p><strong> Gespeicherte Daten \/ Server-Logdateien<\/strong><br \/>Unvermeidlich ist, dass in den Serverstatistiken automatisch solche Daten gespeichert werden, die Ihr Browser uns \u00fcbermittelt. Dies sind Browsertyp und Browserversion, das verwendete Betriebssystem, die Referrer URL (die zuvor besuchte Seite), der Hostname des zugreifenden Rechners (IP Adresse) sowie die Uhrzeit der Serveranfrage. Diese Speicherung dient lediglich internen systembezogenen und statistischen Zwecken. Weitergehende personenbezogene Daten werden nur erfasst, wenn Sie diese Angaben freiwillig, etwa im Rahmen einer Anfrage und der Registrierung, machen. Die oben genannten Daten sind f\u00fcr uns in der Regel nicht bestimmten Personen zuordenbar, eine Zusammenf\u00fchrung mit diesen Daten mit anderen Datenquellen werden nicht vorgenommen.<\/p>\r\n<p><strong> Nutzung und Weitergabe personenbezogener Daten:<\/strong><br \/>Soweit Sie uns personenbezogene Daten zur Verf\u00fcgung gestellt haben, verwenden wir diese nur zur Beantwortung Ihrer Anfragen, zur Abwicklung mit uns geschlossener Vertr\u00e4ge und f\u00fcr die technische Administration. Ihre personenbezogenen Daten werden an Dritte nur weitergegeben oder sonst \u00fcbermittelt, wenn dies zum Zwecke der Vertragsabwicklung erforderlich ist, wenn dies zu Abrechnungszwecken erforderlich ist, oder Sie zuvor eingewilligt haben. Sie haben das Recht, eine erteilte Einwilligung mit Wirkung f\u00fcr die Zukunft jederzeit zu widerrufen. Die L\u00f6schung der gespeicherten personenbezogener Daten erfolgt, wenn Sie Ihre Einwilligung zur Speicherung widerrufen, wenn ihre Kenntnis zur Erf\u00fcllung des mit der Speicherung verfolgten Zwecks nicht mehr erforderlich ist oder wenn ihre Speicherung aus sonstigen gesetzlichen Gr\u00fcnden unzul\u00e4ssig ist.<\/p>\r\n<p><strong>Widerspruch gegen Werbenachrichten<\/strong><br \/>Der Nutzung von im Rahmen der Impressumspflicht ver\u00f6ffentlichten Kontaktdaten durch Dritte zur \u00fcbersendung von nicht ausdr\u00fccklich angeforderter Werbung und Informationsmaterialien wird hiermit ausdr\u00fccklich widersprochen. Die Betreiber der Seiten behalten sich ausdr\u00fccklich rechtliche Schritte im Falle der unverlangten Zusendung von Werbeinformationen, etwa durch Spam-Mails, vor.<\/p>\r\n<p><strong> Auskunftsrecht:<\/strong><br \/>Gerne geben wir Ihnen Auskunft \u00fcber die bei uns gespeicherten pers\u00f6nlichen Daten, wenn Sie Fragen zur Behandlung Ihrer Daten haben, gen\u00fcgt eine Emai<\/p>\r\n\r\n\r\n\r\n\r\n\r\n<p><strong class=\"privacy-policy-tutorial\">Kommentare:\u00a0 <br \/><\/strong>Wenn Besucher Kommentare auf der Website schreiben, sammeln wir die Daten, die im Kommentar-Formular angezeigt werden, au\u00dferdem die IP-Adresse des Besuchers und den User-Agent-String (damit wird der Browser identifiziert), um die Erkennung von Spam zu unterst\u00fctzen.<\/p>\r\n\r\n\r\n\r\n<p>Aus deiner E-Mail-Adresse kann eine anonymisierte Zeichenfolge erstellt (auch Hash genannt) und dem Gravatar-Dienst \u00fcbergeben werden, um zu pr\u00fcfen, ob du diesen benutzt. Die Datenschutzerkl\u00e4rung des Gravatar-Dienstes findest du hier: https:\/\/automattic.com\/privacy\/. Nachdem dein Kommentar freigegeben wurde, ist dein Profilbild \u00f6ffentlich im Kontext deines Kommentars sichtbar.<\/p>\r\n\r\n\r\n\r\n\r\n\r\n<p><strong class=\"privacy-policy-tutorial\">Medien: <br \/><\/strong>Wenn du ein registrierter Benutzer bist und Fotos auf diese Website l\u00e4dst, solltest du vermeiden, Fotos mit einem EXIF-GPS-Standort hochzuladen. Besucher dieser Website k\u00f6nnten Fotos, die auf dieser Website gespeichert sind, herunterladen und deren Standort-Informationen extrahieren.<\/p>\r\n\r\n\r\n\r\n\r\n\r\n<p><strong class=\"privacy-policy-tutorial\">Cookies:<br \/><\/strong>Wenn du einen Kommentar auf unserer Website schreibst, kann das eine Einwilligung sein, deinen Namen, E-Mail-Adresse und Website in Cookies zu speichern. Dies ist eine Komfortfunktion, damit du nicht, wenn du einen weiteren Kommentar schreibst, all diese Daten erneut eingeben musst. Diese Cookies werden ein Jahr lang gespeichert.<\/p>\r\n\r\n\r\n\r\n<p>Falls du ein Konto hast und dich auf dieser Website anmeldest, werden wir ein tempor\u00e4res Cookie setzen, um festzustellen, ob dein Browser Cookies akzeptiert. Dieses Cookie enth\u00e4lt keine personenbezogenen Daten und wird verworfen, wenn du deinen Browser schlie\u00dft.<\/p>\r\n\r\n\r\n\r\n<p>Wenn du dich anmeldest, werden wir einige Cookies einrichten, um deine Anmeldeinformationen und Anzeigeoptionen zu speichern. Anmelde-Cookies verfallen nach zwei Tagen und Cookies f\u00fcr die Anzeigeoptionen nach einem Jahr. Falls du bei der Anmeldung \u201eAngemeldet bleiben\u201c ausw\u00e4hlst, wird deine Anmeldung zwei Wochen lang aufrechterhalten. Mit der Abmeldung aus deinem Konto werden die Anmelde-Cookies gel\u00f6scht.<\/p>\r\n\r\n\r\n\r\n<p>Wenn du einen Artikel bearbeitest oder ver\u00f6ffentlichst, wird ein zus\u00e4tzlicher Cookie in deinem Browser gespeichert. Dieser Cookie enth\u00e4lt keine personenbezogenen Daten und verweist nur auf die Beitrags-ID des Artikels, den du gerade bearbeitet hast. Der Cookie verf\u00e4llt nach einem Tag.<\/p>\r\n\r\n\r\n\r\n<p><strong class=\"privacy-policy-tutorial\">Eingebettete Inhalte von anderen Websites: <br \/><\/strong>Beitr\u00e4ge auf dieser Website k\u00f6nnen eingebettete Inhalte beinhalten (z.\u00a0B. Videos, Bilder, Beitr\u00e4ge etc.). Eingebettete Inhalte von anderen Websites verhalten sich exakt so, als ob der Besucher die andere Website besucht h\u00e4tte.<\/p>\r\n\r\n\r\n\r\n<p>Diese Websites k\u00f6nnen Daten \u00fcber dich sammeln, Cookies benutzen, zus\u00e4tzliche Tracking-Dienste von Dritten einbetten und deine Interaktion mit diesem eingebetteten Inhalt aufzeichnen, inklusive deiner Interaktion mit dem eingebetteten Inhalt, falls du ein Konto hast und auf dieser Website angemeldet bist.<\/p>\r\n\r\n\r\n\r\n<p>&nbsp;<\/p>","protected":false},"excerpt":{"rendered":"<p>Datenschutzerkl\u00e4rung:Den Schutz Ihrer pers\u00f6nlichen Daten nehmen wir sehr ernst, auch anl\u00e4sslich Ihres Besuches auf unserer Homepage. Ihre Daten werden entsprechend der gesetzlichen Datenschutzvorschriften gesch\u00fctzt. Nachfolgend finden Sie Informationen, welche Daten w\u00e4hrend Ihres Besuches auf der Homepage erfasst und wie diese genutzt werden: Gespeicherte Daten \/ Server-LogdateienUnvermeidlich ist, dass in den Serverstatistiken automatisch solche Daten gespeichert [&hellip;]<\/p>\n","protected":false},"author":1,"featured_media":0,"parent":0,"menu_order":0,"comment_status":"closed","ping_status":"closed","template":"","meta":{"_et_pb_use_builder":"","_et_pb_old_content":"","_et_gb_content_width":"","footnotes":""},"class_list":["post-2899","page","type-page","status-publish","hentry"],"_links":{"self":[{"href":"https:\/\/wp1.itunet.de\/start\/wp-json\/wp\/v2\/pages\/2899","targetHints":{"allow":["GET"]}}],"collection":[{"href":"https:\/\/wp1.itunet.de\/start\/wp-json\/wp\/v2\/pages"}],"about":[{"href":"https:\/\/wp1.itunet.de\/start\/wp-json\/wp\/v2\/types\/page"}],"author":[{"embeddable":true,"href":"https:\/\/wp1.itunet.de\/start\/wp-json\/wp\/v2\/users\/1"}],"replies":[{"embeddable":true,"href":"https:\/\/wp1.itunet.de\/start\/wp-json\/wp\/v2\/comments?post=2899"}],"version-history":[{"count":2,"href":"https:\/\/wp1.itunet.de\/start\/wp-json\/wp\/v2\/pages\/2899\/revisions"}],"predecessor-version":[{"id":2901,"href":"https:\/\/wp1.itunet.de\/start\/wp-json\/wp\/v2\/pages\/2899\/revisions\/2901"}],"wp:attachment":[{"href":"https:\/\/wp1.itunet.de\/start\/wp-json\/wp\/v2\/media?parent=2899"}],"curies":[{"name":"wp","href":"https:\/\/api.w.org\/{rel}","templated":true}]}}